{"id":3598,"date":"2025-05-24T14:22:05","date_gmt":"2025-05-24T19:22:05","guid":{"rendered":"https:\/\/rrigcg.com\/?page_id=3598"},"modified":"2025-10-07T12:17:21","modified_gmt":"2025-10-07T17:17:21","slug":"contenido","status":"publish","type":"page","link":"https:\/\/rrigcg.com\/index.php\/contenido\/","title":{"rendered":"Contenido"},"content":{"rendered":"<p><img decoding=\"async\" src=\"https:\/\/rrigcg.com\/wp-content\/uploads\/2021\/01\/logoRRIGCG.png\" title=\"RRI Global Consulting Group\" alt=\"RRI Global Consulting Group\" loading=\"lazy\" \/><br \/>\n\t\t\t\t\t<a href=\"https:\/\/www.facebook.com\/RRIConsultores\" target=\"_blank\" rel=\"noopener\"><br \/>\n\t\t\t\t\t\tFacebook<br \/>\n\t\t\t\t\t\t<svg aria-hidden=\"true\" viewBox=\"0 0 512 512\" xmlns=\"http:\/\/www.w3.org\/2000\/svg\"><path d=\"M504 256C504 119 393 8 256 8S8 119 8 256c0 123.78 90.69 226.38 209.25 245V327.69h-63V256h63v-54.64c0-62.15 37-96.48 93.67-96.48 27.14 0 55.52 4.84 55.52 4.84v61h-31.28c-30.8 0-40.41 19.12-40.41 38.73V256h68.78l-11 71.69h-57.78V501C413.31 482.38 504 379.78 504 256z\"><\/path><\/svg>\t\t\t\t\t<\/a><br \/>\n\t\t\t\t\t<a href=\"https:\/\/www.linkedin.com\/in\/rri-global-consulting-group-inc-740422204\/\" target=\"_blank\" rel=\"noopener\"><br \/>\n\t\t\t\t\t\tLinkedin<br \/>\n\t\t\t\t\t\t<svg aria-hidden=\"true\" viewBox=\"0 0 448 512\" xmlns=\"http:\/\/www.w3.org\/2000\/svg\"><path d=\"M416 32H31.9C14.3 32 0 46.5 0 64.3v383.4C0 465.5 14.3 480 31.9 480H416c17.6 0 32-14.5 32-32.3V64.3c0-17.8-14.4-32.3-32-32.3zM135.4 416H69V202.2h66.5V416zm-33.2-243c-21.3 0-38.5-17.3-38.5-38.5S80.9 96 102.2 96c21.2 0 38.5 17.3 38.5 38.5 0 21.3-17.2 38.5-38.5 38.5zm282.1 243h-66.4V312c0-24.8-.5-56.7-34.5-56.7-34.6 0-39.9 27-39.9 54.9V416h-66.4V202.2h63.7v29.2h.9c8.9-16.8 30.6-34.5 62.9-34.5 67.2 0 79.7 44.3 79.7 101.9V416z\"><\/path><\/svg>\t\t\t\t\t<\/a><br \/>\n\t\t\t\t\t<a href=\"https:\/\/www.instagram.com\/rrigcg_\/\" target=\"_blank\" rel=\"noopener\"><br \/>\n\t\t\t\t\t\tInstagram<br \/>\n\t\t\t\t\t\t<svg aria-hidden=\"true\" viewBox=\"0 0 448 512\" xmlns=\"http:\/\/www.w3.org\/2000\/svg\"><path d=\"M224.1 141c-63.6 0-114.9 51.3-114.9 114.9s51.3 114.9 114.9 114.9S339 319.5 339 255.9 287.7 141 224.1 141zm0 189.6c-41.1 0-74.7-33.5-74.7-74.7s33.5-74.7 74.7-74.7 74.7 33.5 74.7 74.7-33.6 74.7-74.7 74.7zm146.4-194.3c0 14.9-12 26.8-26.8 26.8-14.9 0-26.8-12-26.8-26.8s12-26.8 26.8-26.8 26.8 12 26.8 26.8zm76.1 27.2c-1.7-35.9-9.9-67.7-36.2-93.9-26.2-26.2-58-34.4-93.9-36.2-37-2.1-147.9-2.1-184.9 0-35.8 1.7-67.6 9.9-93.9 36.1s-34.4 58-36.2 93.9c-2.1 37-2.1 147.9 0 184.9 1.7 35.9 9.9 67.7 36.2 93.9s58 34.4 93.9 36.2c37 2.1 147.9 2.1 184.9 0 35.9-1.7 67.7-9.9 93.9-36.2 26.2-26.2 34.4-58 36.2-93.9 2.1-37 2.1-147.8 0-184.8zM398.8 388c-7.8 19.6-22.9 34.7-42.6 42.6-29.5 11.7-99.5 9-132.1 9s-102.7 2.6-132.1-9c-19.6-7.8-34.7-22.9-42.6-42.6-11.7-29.5-9-99.5-9-132.1s-2.6-102.7 9-132.1c7.8-19.6 22.9-34.7 42.6-42.6 29.5-11.7 99.5-9 132.1-9s102.7-2.6 132.1 9c19.6 7.8 34.7 22.9 42.6 42.6 11.7 29.5 9 99.5 9 132.1s2.7 102.7-9 132.1z\"><\/path><\/svg>\t\t\t\t\t<\/a><br \/>\n\t\t\t\t\t<a href=\"https:\/\/www.youtube.com\/channel\/UCZkrjlk4bibvjzW_FlSmBGw\" target=\"_blank\" rel=\"noopener\"><br \/>\n\t\t\t\t\t\tYoutube<br \/>\n\t\t\t\t\t\t<svg aria-hidden=\"true\" viewBox=\"0 0 576 512\" xmlns=\"http:\/\/www.w3.org\/2000\/svg\"><path d=\"M549.655 124.083c-6.281-23.65-24.787-42.276-48.284-48.597C458.781 64 288 64 288 64S117.22 64 74.629 75.486c-23.497 6.322-42.003 24.947-48.284 48.597-11.412 42.867-11.412 132.305-11.412 132.305s0 89.438 11.412 132.305c6.281 23.65 24.787 41.5 48.284 47.821C117.22 448 288 448 288 448s170.78 0 213.371-11.486c23.497-6.321 42.003-24.171 48.284-47.821 11.412-42.867 11.412-132.305 11.412-132.305s0-89.438-11.412-132.305zm-317.51 213.508V175.185l142.739 81.205-142.739 81.201z\"><\/path><\/svg>\t\t\t\t\t<\/a><br \/>\n\t\t\t\t\t\t\t\t\t\t\t\t\t\t\t\t\t<img decoding=\"async\" src=\"https:\/\/rrigcg.com\/wp-content\/uploads\/2024\/09\/Banderasrri.png\" title=\"RRI\" alt=\"RRI\" loading=\"lazy\" \/>\t\t\t\t\t\t\t\t\t\t\t\t\t\t\t\t\t\t\t\t\t\t\t\t\t\t<img decoding=\"async\" src=\"https:\/\/rrigcg.com\/wp-content\/uploads\/2023\/01\/Marca-RRI-02.png\" title=\"Marca RRI\" alt=\"Marca RRI\" loading=\"lazy\" \/>\t\t\t\t\t\t\t\t\t\t\t\t\t\t\t\t<\/p>\n<h3>Mejores recomendaciones, mejores resultados<\/h3>\n<p><strong>RRI Global Consulting Group<\/strong> <strong>es una empresa de<\/strong> <strong>consultor\u00eda empresarial, gerencial, organizacional, financiera y de Representaci\u00f3n a nivel internacional con \u00e9nfasis en los negocios latinos.<\/strong><\/p>\n<p>Revista para emprendedores y empresarios<\/p>\n<h2>Revista RRI Global Consulting Group<\/h2>\n<p>\t\t\t\t\t\t\t\t\t\t\t\t\t\t\t\t\t<img decoding=\"async\" src=\"https:\/\/rrigcg.com\/wp-content\/uploads\/2023\/08\/revista-1-rri.jpg\" title=\"Revista RRI 1\" alt=\"Revista RRI 1\" loading=\"lazy\" \/>\t\t\t\t\t\t\t\t\t\t\t\t\t<\/p>\n<h6 data-aos=\"fade-up\" data-aos-duration=\"500\">Revista Digital RRI 1\u00aa. Edici\u00f3n<br \/>ENERO 2022<\/h6>\n<p>\t\t\t\t\t\t\t\t<a href=\"https:\/\/issuu.com\/designoecuador\/docs\/revista_digital_rri\" target=\"_blank\" rel=\"noopener\"><br \/>\n\t\t\t\t<svg aria-hidden=\"true\" viewBox=\"0 0 448 512\" xmlns=\"http:\/\/www.w3.org\/2000\/svg\"><path d=\"M400 480H48c-26.51 0-48-21.49-48-48V80c0-26.51 21.49-48 48-48h352c26.51 0 48 21.49 48 48v352c0 26.51-21.49 48-48 48zm-204.686-98.059l184-184c6.248-6.248 6.248-16.379 0-22.627l-22.627-22.627c-6.248-6.248-16.379-6.249-22.628 0L184 302.745l-70.059-70.059c-6.248-6.248-16.379-6.248-22.628 0l-22.627 22.627c-6.248 6.248-6.248 16.379 0 22.627l104 104c6.249 6.25 16.379 6.25 22.628.001z\"><\/path><\/svg><br \/>\n\t\t\t\t\t\t\t\t\tLeer o descargar<br \/>\n\t\t\t\t\t<\/a><br \/>\n\t\t\t\t\t\t\t\t\t\t\t\t\t\t\t\t\t<img decoding=\"async\" src=\"https:\/\/rrigcg.com\/wp-content\/uploads\/2023\/08\/revista-3-rri.jpg\" title=\"Revista RRI 2\" alt=\"Revista RRI 2\" loading=\"lazy\" \/>\t\t\t\t\t\t\t\t\t\t\t\t\t<\/p>\n<h6 data-aos=\"fade-up\" data-aos-duration=\"500\">Revista Digital RRI 2\u00aa. Edici\u00f3n<br \/>MAYO 2022<\/h6>\n<p>\t\t\t\t\t\t\t\t<a href=\"https:\/\/issuu.com\/designoecuador\/docs\/revista_rri_05-2022\" target=\"_blank\" rel=\"noopener\"><br \/>\n\t\t\t\t<svg aria-hidden=\"true\" viewBox=\"0 0 448 512\" xmlns=\"http:\/\/www.w3.org\/2000\/svg\"><path d=\"M400 480H48c-26.51 0-48-21.49-48-48V80c0-26.51 21.49-48 48-48h352c26.51 0 48 21.49 48 48v352c0 26.51-21.49 48-48 48zm-204.686-98.059l184-184c6.248-6.248 6.248-16.379 0-22.627l-22.627-22.627c-6.248-6.248-16.379-6.249-22.628 0L184 302.745l-70.059-70.059c-6.248-6.248-16.379-6.248-22.628 0l-22.627 22.627c-6.248 6.248-6.248 16.379 0 22.627l104 104c6.249 6.25 16.379 6.25 22.628.001z\"><\/path><\/svg><br \/>\n\t\t\t\t\t\t\t\t\tLeer o descargar<br \/>\n\t\t\t\t\t<\/a><br \/>\n\t\t\t\t\t\t\t\t\t\t\t\t\t\t\t\t\t<img decoding=\"async\" src=\"https:\/\/rrigcg.com\/wp-content\/uploads\/2023\/08\/revista-2-rri.jpg\" title=\"Revista RRI 3\" alt=\"Revista RRI 3\" loading=\"lazy\" \/>\t\t\t\t\t\t\t\t\t\t\t\t\t<\/p>\n<h6 data-aos=\"fade-up\" data-aos-duration=\"500\">Revista Digital RRI 3\u00aa. Edici\u00f3n<br \/>DICIEMBRE 2022<\/h6>\n<p>\t\t\t\t\t\t\t\t<a href=\"https:\/\/bit.ly\/3hPhott\" target=\"_blank\" rel=\"noopener\"><br \/>\n\t\t\t\t<svg aria-hidden=\"true\" viewBox=\"0 0 448 512\" xmlns=\"http:\/\/www.w3.org\/2000\/svg\"><path d=\"M400 480H48c-26.51 0-48-21.49-48-48V80c0-26.51 21.49-48 48-48h352c26.51 0 48 21.49 48 48v352c0 26.51-21.49 48-48 48zm-204.686-98.059l184-184c6.248-6.248 6.248-16.379 0-22.627l-22.627-22.627c-6.248-6.248-16.379-6.249-22.628 0L184 302.745l-70.059-70.059c-6.248-6.248-16.379-6.248-22.628 0l-22.627 22.627c-6.248 6.248-6.248 16.379 0 22.627l104 104c6.249 6.25 16.379 6.25 22.628.001z\"><\/path><\/svg><br \/>\n\t\t\t\t\t\t\t\t\tLeer o descargar<br \/>\n\t\t\t\t\t<\/a><br \/>\n\t\t\t\t\t\t\t\t\t\t\t\t\t\t\t\t\t<img decoding=\"async\" src=\"https:\/\/rrigcg.com\/wp-content\/uploads\/2024\/07\/RevistaRRI4.jpg\" title=\"Consulting RRI\" alt=\"Consulting RRI\" loading=\"lazy\" \/>\t\t\t\t\t\t\t\t\t\t\t\t\t<\/p>\n<h6 data-aos=\"fade-up\" data-aos-duration=\"500\">Revista Digital RRI 4\u00aa. Edici\u00f3n<br \/>AGOSTO 2024<\/h6>\n<p>\t\t\t\t\t\t\t\t<a href=\"https:\/\/issuu.com\/rrigcg\/docs\/revista_consulting_rri_julio_2024\" target=\"_blank\" rel=\"noopener\"><br \/>\n\t\t\t\t<svg aria-hidden=\"true\" viewBox=\"0 0 448 512\" xmlns=\"http:\/\/www.w3.org\/2000\/svg\"><path d=\"M400 480H48c-26.51 0-48-21.49-48-48V80c0-26.51 21.49-48 48-48h352c26.51 0 48 21.49 48 48v352c0 26.51-21.49 48-48 48zm-204.686-98.059l184-184c6.248-6.248 6.248-16.379 0-22.627l-22.627-22.627c-6.248-6.248-16.379-6.249-22.628 0L184 302.745l-70.059-70.059c-6.248-6.248-16.379-6.248-22.628 0l-22.627 22.627c-6.248 6.248-6.248 16.379 0 22.627l104 104c6.249 6.25 16.379 6.25 22.628.001z\"><\/path><\/svg><br \/>\n\t\t\t\t\t\t\t\t\tLeer o descargar<br \/>\n\t\t\t\t\t<\/a><br \/>\n\t\t\t\t\t\t\t\t\t\t\t\t\t\t\t\t\t<img decoding=\"async\" src=\"https:\/\/rrigcg.com\/wp-content\/uploads\/2025\/03\/RevistaRRI5.jpg\" title=\"RRI\" alt=\"RRI\" loading=\"lazy\" \/>\t\t\t\t\t\t\t\t\t\t\t\t\t<\/p>\n<h6 data-aos=\"fade-up\" data-aos-duration=\"500\">Revista Digital RRI 5\u00aa. Edici\u00f3n<br \/>FEBRERO 2025<\/h6>\n<p>\t\t\t\t\t\t\t\t<a href=\"https:\/\/issuu.com\/rrigcg\/docs\/revista_digital_consulting_rri_quinta_edici_n\" target=\"_blank\" rel=\"noopener\"><br \/>\n\t\t\t\t<svg aria-hidden=\"true\" viewBox=\"0 0 448 512\" xmlns=\"http:\/\/www.w3.org\/2000\/svg\"><path d=\"M400 480H48c-26.51 0-48-21.49-48-48V80c0-26.51 21.49-48 48-48h352c26.51 0 48 21.49 48 48v352c0 26.51-21.49 48-48 48zm-204.686-98.059l184-184c6.248-6.248 6.248-16.379 0-22.627l-22.627-22.627c-6.248-6.248-16.379-6.249-22.628 0L184 302.745l-70.059-70.059c-6.248-6.248-16.379-6.248-22.628 0l-22.627 22.627c-6.248 6.248-6.248 16.379 0 22.627l104 104c6.249 6.25 16.379 6.25 22.628.001z\"><\/path><\/svg><br \/>\n\t\t\t\t\t\t\t\t\tLeer o descargar<br \/>\n\t\t\t\t\t<\/a><br \/>\n\t\t\t\t\t\t\t\t\t\t\t\t\t\t\t\t\t<img decoding=\"async\" src=\"https:\/\/rrigcg.com\/wp-content\/uploads\/2025\/10\/Revista-RRI-6.jpg\" title=\"RRI Global Consulting Group\" alt=\"RRI Global Consulting Group\" loading=\"lazy\" \/>\t\t\t\t\t\t\t\t\t\t\t\t\t<\/p>\n<h6 data-aos=\"fade-up\" data-aos-duration=\"500\">Revista Digital RRI 6\u00aa. Edici\u00f3n<br \/>Octubre 2025<\/h6>\n<p>\t\t\t\t\t\t\t\t<a href=\"https:\/\/issuu.com\/rrigcg\/docs\/revista_rri_octubre_2025\" target=\"_blank\" rel=\"noopener\"><br \/>\n\t\t\t\t<svg aria-hidden=\"true\" viewBox=\"0 0 448 512\" xmlns=\"http:\/\/www.w3.org\/2000\/svg\"><path d=\"M400 480H48c-26.51 0-48-21.49-48-48V80c0-26.51 21.49-48 48-48h352c26.51 0 48 21.49 48 48v352c0 26.51-21.49 48-48 48zm-204.686-98.059l184-184c6.248-6.248 6.248-16.379 0-22.627l-22.627-22.627c-6.248-6.248-16.379-6.249-22.628 0L184 302.745l-70.059-70.059c-6.248-6.248-16.379-6.248-22.628 0l-22.627 22.627c-6.248 6.248-6.248 16.379 0 22.627l104 104c6.249 6.25 16.379 6.25 22.628.001z\"><\/path><\/svg><br \/>\n\t\t\t\t\t\t\t\t\tLeer o descargar<br \/>\n\t\t\t\t\t<\/a><\/p>\n<p>&#8211; Eventos Internacionales &#8211;\u00a0<\/p>\n<p>\t\t\t\t\t\t\t\t\t\t\t\t\t<img loading=\"lazy\" decoding=\"async\" width=\"750\" height=\"568\" src=\"https:\/\/rrigcg.com\/wp-content\/uploads\/2021\/07\/webinarperuone-1024x775.jpg\" alt=\"Webinar Peru\" srcset=\"https:\/\/rrigcg.com\/wp-content\/uploads\/2021\/07\/webinarperuone-1024x775.jpg 1024w, https:\/\/rrigcg.com\/wp-content\/uploads\/2021\/07\/webinarperuone-300x227.jpg 300w, https:\/\/rrigcg.com\/wp-content\/uploads\/2021\/07\/webinarperuone-768x581.jpg 768w, https:\/\/rrigcg.com\/wp-content\/uploads\/2021\/07\/webinarperuone.jpg 1200w\" sizes=\"auto, (max-width: 750px) 100vw, 750px\" \/>\t\t\t\t\t\t\t\t\t\t\t\t\t<\/p>\n<h2 style=\"font-family: Poppins, sans-serif; font-weight: 500; font-size: 2.5vw; letter-spacing: -2px; line-height: 1.1em; color: #222222; text-align: center;\" data-elementor-setting-key=\"title\" data-pen-placeholder=\"Teclea aqu\u00ed...\">I Webinar Internacional &#8211; Per\u00fa<\/h2>\n<p><strong>EXPORTAR CON \u00c9XITO A EEUU, una oportunidad de expansi\u00f3n empresarial.<\/strong><\/p>\n<p>Tener en tus manos las mejores recomendaciones y procesos a la hora de exportar tus productos y\/o ideas, representa una excelente oportunidad para tu negocio. Minimizar los riesgos y aprender de los procesos y log\u00edstica pueden ayudar a tu empresa en aspectos financiero y gerencial de cara al futuro. Excelente oportunidad libre de costo con un alto rendimiento intelectual para tu empresa. Est\u00e1 a tu alcance la oportunidad de unir a excelentes profesionales del mercado internacional en este webinar, no tiene precio.<\/p>\n<p>Excelente equipo de profesionales te acompa\u00f1ar\u00e1n..\u2022 Evento\u00a0 totalmente gratuito\u2022 Transmisi\u00f3n a\u00a0 trav\u00e9s de Youtube &#8211; LinkedIn Live\u2022\u00a0 \u00a0 Jueves 06 de Mayo de 2021\u2022 A partir de las 18:00\u00a0\t\t\t\t\t\t\t\t<a href=\"https:\/\/www.youtube.com\/watch?v=UwYSrj-4Wjo\" target=\"_blank\" rel=\"noopener\"><br \/>\n\t\t\t\t<svg aria-hidden=\"true\" viewBox=\"0 0 448 512\" xmlns=\"http:\/\/www.w3.org\/2000\/svg\"><path d=\"M400 480H48c-26.51 0-48-21.49-48-48V80c0-26.51 21.49-48 48-48h352c26.51 0 48 21.49 48 48v352c0 26.51-21.49 48-48 48zm-204.686-98.059l184-184c6.248-6.248 6.248-16.379 0-22.627l-22.627-22.627c-6.248-6.248-16.379-6.249-22.628 0L184 302.745l-70.059-70.059c-6.248-6.248-16.379-6.248-22.628 0l-22.627 22.627c-6.248 6.248-6.248 16.379 0 22.627l104 104c6.249 6.25 16.379 6.25 22.628.001z\"><\/path><\/svg><br \/>\n\t\t\t\t\t\t\t\t\tVer Video<br \/>\n\t\t\t\t\t<\/a><br \/>\n\t\t\t\t\t\t\t\t\t\t\t\t\t\t\t\t\t\t\t<img loading=\"lazy\" decoding=\"async\" width=\"750\" height=\"568\" src=\"https:\/\/rrigcg.com\/wp-content\/uploads\/2021\/07\/WebinarColombia-1024x775.jpg\" alt=\"Webinar Colombia\" srcset=\"https:\/\/rrigcg.com\/wp-content\/uploads\/2021\/07\/WebinarColombia-1024x775.jpg 1024w, https:\/\/rrigcg.com\/wp-content\/uploads\/2021\/07\/WebinarColombia-300x227.jpg 300w, https:\/\/rrigcg.com\/wp-content\/uploads\/2021\/07\/WebinarColombia-768x581.jpg 768w, https:\/\/rrigcg.com\/wp-content\/uploads\/2021\/07\/WebinarColombia.jpg 1200w\" sizes=\"auto, (max-width: 750px) 100vw, 750px\" \/>\t\t\t\t\t\t\t\t\t\t\t\t\t\t\t\t\t\t<\/p>\n<h2 style=\"font-family: Poppins, sans-serif; font-weight: 500; font-size: 2.5vw; letter-spacing: -2px; line-height: 1.1em; color: #222222; text-align: center;\" data-elementor-setting-key=\"title\" data-pen-placeholder=\"Teclea aqu\u00ed...\">Webinar Internacional &#8211; Colombia<\/h2>\n<p>RRI Global Consulting Group, la firma de los visionarios presenta el primer webinar international <strong>\u00abLog\u00edstica y Normativa FDA: Dos aspectos claves para ingresar con \u00e9xito al mercado de Estados Unidos\u00bb<\/strong>. Creemos en la visi\u00f3n de expansi\u00f3n para las empresas Latinas.\u00a0Excelente equipo de profesionales te acompa\u00f1ar\u00e1n..\u2022 Evento\u00a0 totalmente gratuito\u2022 Transmisi\u00f3n a\u00a0 trav\u00e9s de LinkedIn Live\u2022\u00a0 \u00a0 Mi\u00e9rcoles 24 de febrero de 2021\u2022 A partir de las 09:00\u00a0\u00a0\t\t\t\t\t\t\t\t<a href=\"https:\/\/youtu.be\/oSKyBXi_epo\" target=\"_blank\" rel=\"noopener\"><br \/>\n\t\t\t\t<svg aria-hidden=\"true\" viewBox=\"0 0 448 512\" xmlns=\"http:\/\/www.w3.org\/2000\/svg\"><path d=\"M400 480H48c-26.51 0-48-21.49-48-48V80c0-26.51 21.49-48 48-48h352c26.51 0 48 21.49 48 48v352c0 26.51-21.49 48-48 48zm-204.686-98.059l184-184c6.248-6.248 6.248-16.379 0-22.627l-22.627-22.627c-6.248-6.248-16.379-6.249-22.628 0L184 302.745l-70.059-70.059c-6.248-6.248-16.379-6.248-22.628 0l-22.627 22.627c-6.248 6.248-6.248 16.379 0 22.627l104 104c6.249 6.25 16.379 6.25 22.628.001z\"><\/path><\/svg><br \/>\n\t\t\t\t\t\t\t\t\tVer Video<br \/>\n\t\t\t\t\t<\/a><\/p>\n<p>&#8211; Videos Corporativos &#8211;\u00a0<\/p>\n<figure><a href=\"https:\/\/www.youtube.com\/watch?v=OXJ77cRrIyk&#038;ab_channel=RRIGlobalConsultingGroup\" tabindex=\"-1\" target=\"_blank\" rel=\"noopener\"><img loading=\"lazy\" decoding=\"async\" width=\"768\" height=\"432\" src=\"https:\/\/rrigcg.com\/wp-content\/uploads\/2023\/01\/PresentaMarcarri.jpg\" alt=\"Marca RRI\" \/><\/a><\/figure>\n<h3><a href=\"https:\/\/www.youtube.com\/watch?v=OXJ77cRrIyk&#038;ab_channel=RRIGlobalConsultingGroup\" target=\"_blank\" rel=\"noopener\">Presentaci\u00f3n de Marca<\/a><\/h3>\n<figure><a href=\"https:\/\/www.youtube.com\/watch?v=RxgtbGRvWgc&#038;t=7s&#038;ab_channel=RRIGlobalConsultingGroup\" tabindex=\"-1\" target=\"_blank\" rel=\"noopener\"><img loading=\"lazy\" decoding=\"async\" width=\"768\" height=\"432\" src=\"https:\/\/rrigcg.com\/wp-content\/uploads\/2023\/01\/MINATURA-Edwin-Casanova.jpg\" alt=\"\" \/><\/a><\/figure>\n<h3><a href=\"https:\/\/www.youtube.com\/watch?v=RxgtbGRvWgc&#038;t=7s&#038;ab_channel=RRIGlobalConsultingGroup\" target=\"_blank\" rel=\"noopener\">RRI Texas<\/a><\/h3>\n<figure><a href=\"https:\/\/www.youtube.com\/watch?v=gI0RrGV3amQ&#038;ab_channel=RRIGlobalConsultingGroup\" tabindex=\"-1\" target=\"_blank\" rel=\"noopener\"><img loading=\"lazy\" decoding=\"async\" width=\"768\" height=\"432\" src=\"https:\/\/rrigcg.com\/wp-content\/uploads\/2023\/01\/Efrain-Texas.jpg\" alt=\"Texas RRI\" \/><\/a><\/figure>\n<h3><a href=\"https:\/\/www.youtube.com\/watch?v=gI0RrGV3amQ&#038;ab_channel=RRIGlobalConsultingGroup\" target=\"_blank\" rel=\"noopener\">RRI Texas<\/a><\/h3>\n<p>\t\t\t<svg aria-hidden=\"true\" viewBox=\"0 0 640 512\" xmlns=\"http:\/\/www.w3.org\/2000\/svg\"><path d=\"M608 64H32C14.33 64 0 78.33 0 96v320c0 17.67 14.33 32 32 32h576c17.67 0 32-14.33 32-32V96c0-17.67-14.33-32-32-32zM48 400v-64c35.35 0 64 28.65 64 64H48zm0-224v-64h64c0 35.35-28.65 64-64 64zm272 176c-44.19 0-80-42.99-80-96 0-53.02 35.82-96 80-96s80 42.98 80 96c0 53.03-35.83 96-80 96zm272 48h-64c0-35.35 28.65-64 64-64v64zm0-224c-35.35 0-64-28.65-64-64h64v64z\"><\/path><\/svg>\t\t\t<\/p>\n<p>Aceptamos Efectivo, Cheques, y Tarjetas de Cr\u00e9dito<\/p>\n<p>\t\t\t<svg aria-hidden=\"true\" viewBox=\"0 0 640 512\" xmlns=\"http:\/\/www.w3.org\/2000\/svg\"><path d=\"M192 256c61.9 0 112-50.1 112-112S253.9 32 192 32 80 82.1 80 144s50.1 112 112 112zm76.8 32h-8.3c-20.8 10-43.9 16-68.5 16s-47.6-6-68.5-16h-8.3C51.6 288 0 339.6 0 403.2V432c0 26.5 21.5 48 48 48h288c26.5 0 48-21.5 48-48v-28.8c0-63.6-51.6-115.2-115.2-115.2zM480 256c53 0 96-43 96-96s-43-96-96-96-96 43-96 96 43 96 96 96zm48 32h-3.8c-13.9 4.8-28.6 8-44.2 8s-30.3-3.2-44.2-8H432c-20.4 0-39.2 5.9-55.7 15.4 24.4 26.3 39.7 61.2 39.7 99.8v38.4c0 2.2-.5 4.3-.6 6.4H592c26.5 0 48-21.5 48-48 0-61.9-50.1-112-112-112z\"><\/path><\/svg>\t\t\t<\/p>\n<p>20 a\u00f1os de experiencia<\/p>\n<p>\t\t\t<svg aria-hidden=\"true\" viewBox=\"0 0 448 512\" xmlns=\"http:\/\/www.w3.org\/2000\/svg\"><path d=\"M148 288h-40c-6.6 0-12-5.4-12-12v-40c0-6.6 5.4-12 12-12h40c6.6 0 12 5.4 12 12v40c0 6.6-5.4 12-12 12zm108-12v-40c0-6.6-5.4-12-12-12h-40c-6.6 0-12 5.4-12 12v40c0 6.6 5.4 12 12 12h40c6.6 0 12-5.4 12-12zm96 0v-40c0-6.6-5.4-12-12-12h-40c-6.6 0-12 5.4-12 12v40c0 6.6 5.4 12 12 12h40c6.6 0 12-5.4 12-12zm-96 96v-40c0-6.6-5.4-12-12-12h-40c-6.6 0-12 5.4-12 12v40c0 6.6 5.4 12 12 12h40c6.6 0 12-5.4 12-12zm-96 0v-40c0-6.6-5.4-12-12-12h-40c-6.6 0-12 5.4-12 12v40c0 6.6 5.4 12 12 12h40c6.6 0 12-5.4 12-12zm192 0v-40c0-6.6-5.4-12-12-12h-40c-6.6 0-12 5.4-12 12v40c0 6.6 5.4 12 12 12h40c6.6 0 12-5.4 12-12zm96-260v352c0 26.5-21.5 48-48 48H48c-26.5 0-48-21.5-48-48V112c0-26.5 21.5-48 48-48h48V12c0-6.6 5.4-12 12-12h40c6.6 0 12 5.4 12 12v52h128V12c0-6.6 5.4-12 12-12h40c6.6 0 12 5.4 12 12v52h48c26.5 0 48 21.5 48 48zm-48 346V160H48v298c0 3.3 2.7 6 6 6h340c3.3 0 6-2.7 6-6z\"><\/path><\/svg>\t\t\t<\/p>\n<p>Lun &#8211; Vie 09:00 \/ 17:00<\/p>\n<p>EST\u00c1S A UN CLICK de NOSOTROS<\/p>\n<h2>Comun\u00edcate con RRI Global Consulting Group<\/h2>\n<p>&#8211; Contacto &#8211;\u00a0<\/p>\n<p>\t\t\t\t\t\t\t\t\t\t\t\t\t<img decoding=\"async\" src=\"https:\/\/rrigcg.com\/wp-content\/uploads\/2023\/01\/Marca-RRI-02.png\" title=\"Marca RRI\" alt=\"Marca RRI\" loading=\"lazy\" \/>\t\t\t\t\t\t\t\t\t\t\t\t\t\t\t\t<\/p>\n<h5>N\u00famero Corporativo: +1 774 708 8708 <br \/>\nEfra\u00edn Medina CEO RRI<br \/>\nMail: e.medina@rriconsulting.com <br \/>\nTel: (508) 344-0695<br \/>\n<\/h5>\n<h6>Jos\u00e9 Rentas VP RRI <br \/>\nMail: j.rentas@rriconsulting.com <br \/>\nTel: (774) 230 4411<\/h6>\n<h6>142 Mechanic St, Southbridge, MA 01550<\/h6>\n<h6>MON-FRI 09:00 &#8211; 17:30, SAT 09:00 &#8211; 13:00<\/h6>\n<p>\t\t\t\t\t<a target=\"_blank\"><br \/>\n\t\t\t\t\t\tFacebook-f<br \/>\n\t\t\t\t\t\t<svg aria-hidden=\"true\" viewBox=\"0 0 320 512\" xmlns=\"http:\/\/www.w3.org\/2000\/svg\"><path d=\"M279.14 288l14.22-92.66h-88.91v-60.13c0-25.35 12.42-50.06 52.24-50.06h40.42V6.26S260.43 0 225.36 0c-73.22 0-121.08 44.38-121.08 124.72v70.62H22.89V288h81.39v224h100.17V288z\"><\/path><\/svg>\t\t\t\t\t<\/a><br \/>\n\t\t\t\t\t<a target=\"_blank\"><br \/>\n\t\t\t\t\t\tTwitter<br \/>\n\t\t\t\t\t\t<svg aria-hidden=\"true\" viewBox=\"0 0 512 512\" xmlns=\"http:\/\/www.w3.org\/2000\/svg\"><path d=\"M459.37 151.716c.325 4.548.325 9.097.325 13.645 0 138.72-105.583 298.558-298.558 298.558-59.452 0-114.68-17.219-161.137-47.106 8.447.974 16.568 1.299 25.34 1.299 49.055 0 94.213-16.568 130.274-44.832-46.132-.975-84.792-31.188-98.112-72.772 6.498.974 12.995 1.624 19.818 1.624 9.421 0 18.843-1.3 27.614-3.573-48.081-9.747-84.143-51.98-84.143-102.985v-1.299c13.969 7.797 30.214 12.67 47.431 13.319-28.264-18.843-46.781-51.005-46.781-87.391 0-19.492 5.197-37.36 14.294-52.954 51.655 63.675 129.3 105.258 216.365 109.807-1.624-7.797-2.599-15.918-2.599-24.04 0-57.828 46.782-104.934 104.934-104.934 30.213 0 57.502 12.67 76.67 33.137 23.715-4.548 46.456-13.32 66.599-25.34-7.798 24.366-24.366 44.833-46.132 57.827 21.117-2.273 41.584-8.122 60.426-16.243-14.292 20.791-32.161 39.308-52.628 54.253z\"><\/path><\/svg>\t\t\t\t\t<\/a><br \/>\n\t\t\t\t\t<a target=\"_blank\"><br \/>\n\t\t\t\t\t\tGoogle-plus-g<br \/>\n\t\t\t\t\t\t<svg aria-hidden=\"true\" viewBox=\"0 0 640 512\" xmlns=\"http:\/\/www.w3.org\/2000\/svg\"><path d=\"M386.061 228.496c1.834 9.692 3.143 19.384 3.143 31.956C389.204 370.205 315.599 448 204.8 448c-106.084 0-192-85.915-192-192s85.916-192 192-192c51.864 0 95.083 18.859 128.611 50.292l-52.126 50.03c-14.145-13.621-39.028-29.599-76.485-29.599-65.484 0-118.92 54.221-118.92 121.277 0 67.056 53.436 121.277 118.92 121.277 75.961 0 104.513-54.745 108.965-82.773H204.8v-66.009h181.261zm185.406 6.437V179.2h-56.001v55.733h-55.733v56.001h55.733v55.733h56.001v-55.733H627.2v-56.001h-55.733z\"><\/path><\/svg>\t\t\t\t\t<\/a><br \/>\n\t\t\t\t\t<a target=\"_blank\"><br \/>\n\t\t\t\t\t\tYoutube<br \/>\n\t\t\t\t\t\t<svg aria-hidden=\"true\" viewBox=\"0 0 576 512\" xmlns=\"http:\/\/www.w3.org\/2000\/svg\"><path d=\"M549.655 124.083c-6.281-23.65-24.787-42.276-48.284-48.597C458.781 64 288 64 288 64S117.22 64 74.629 75.486c-23.497 6.322-42.003 24.947-48.284 48.597-11.412 42.867-11.412 132.305-11.412 132.305s0 89.438 11.412 132.305c6.281 23.65 24.787 41.5 48.284 47.821C117.22 448 288 448 288 448s170.78 0 213.371-11.486c23.497-6.321 42.003-24.171 48.284-47.821 11.412-42.867 11.412-132.305 11.412-132.305s0-89.438-11.412-132.305zm-317.51 213.508V175.185l142.739 81.205-142.739 81.201z\"><\/path><\/svg>\t\t\t\t\t<\/a><br \/>\n\t\t\t\t\t<a target=\"_blank\"><br \/>\n\t\t\t\t\t\tGithub<br \/>\n\t\t\t\t\t\t<svg aria-hidden=\"true\" viewBox=\"0 0 496 512\" xmlns=\"http:\/\/www.w3.org\/2000\/svg\"><path d=\"M165.9 397.4c0 2-2.3 3.6-5.2 3.6-3.3.3-5.6-1.3-5.6-3.6 0-2 2.3-3.6 5.2-3.6 3-.3 5.6 1.3 5.6 3.6zm-31.1-4.5c-.7 2 1.3 4.3 4.3 4.9 2.6 1 5.6 0 6.2-2s-1.3-4.3-4.3-5.2c-2.6-.7-5.5.3-6.2 2.3zm44.2-1.7c-2.9.7-4.9 2.6-4.6 4.9.3 2 2.9 3.3 5.9 2.6 2.9-.7 4.9-2.6 4.6-4.6-.3-1.9-3-3.2-5.9-2.9zM244.8 8C106.1 8 0 113.3 0 252c0 110.9 69.8 205.8 169.5 239.2 12.8 2.3 17.3-5.6 17.3-12.1 0-6.2-.3-40.4-.3-61.4 0 0-70 15-84.7-29.8 0 0-11.4-29.1-27.8-36.6 0 0-22.9-15.7 1.6-15.4 0 0 24.9 2 38.6 25.8 21.9 38.6 58.6 27.5 72.9 20.9 2.3-16 8.8-27.1 16-33.7-55.9-6.2-112.3-14.3-112.3-110.5 0-27.5 7.6-41.3 23.6-58.9-2.6-6.5-11.1-33.3 2.6-67.9 20.9-6.5 69 27 69 27 20-5.6 41.5-8.5 62.8-8.5s42.8 2.9 62.8 8.5c0 0 48.1-33.6 69-27 13.7 34.7 5.2 61.4 2.6 67.9 16 17.7 25.8 31.5 25.8 58.9 0 96.5-58.9 104.2-114.8 110.5 9.2 7.9 17 22.9 17 46.4 0 33.7-.3 75.4-.3 83.6 0 6.5 4.6 14.4 17.3 12.1C428.2 457.8 496 362.9 496 252 496 113.3 383.5 8 244.8 8zM97.2 352.9c-1.3 1-1 3.3.7 5.2 1.6 1.6 3.9 2.3 5.2 1 1.3-1 1-3.3-.7-5.2-1.6-1.6-3.9-2.3-5.2-1zm-10.8-8.1c-.7 1.3.3 2.9 2.3 3.9 1.6 1 3.6.7 4.3-.7.7-1.3-.3-2.9-2.3-3.9-2-.6-3.6-.3-4.3.7zm32.4 35.6c-1.6 1.3-1 4.3 1.3 6.2 2.3 2.3 5.2 2.6 6.5 1 1.3-1.3.7-4.3-1.3-6.2-2.2-2.3-5.2-2.6-6.5-1zm-11.4-14.7c-1.6 1-1.6 3.6 0 5.9 1.6 2.3 4.3 3.3 5.6 2.3 1.6-1.3 1.6-3.9 0-6.2-1.4-2.3-4-3.3-5.6-2z\"><\/path><\/svg>\t\t\t\t\t<\/a><\/p>\n<p>RRI \u00ae Efra\u00edn Medina I\u00a0 Dise\u00f1o de marca, branding, contenido, web y digital: Black Brand by Hern\u00e1n Murillo<\/p>\n<p><a href=\"http:\/\/www.hernanmurillo.com\" target=\"_blank\" rel=\"noopener\">Hern\u00e1n Murillo Bustillos<\/a> www.hernanmurillo.com<\/p>\n","protected":false},"excerpt":{"rendered":"<p>Facebook Linkedin Instagram Youtube Mejores recomendaciones, mejores resultados RRI Global Consulting Group es una empresa de consultor\u00eda empresarial, gerencial, organizacional, financiera y de Representaci\u00f3n a nivel internacional con \u00e9nfasis en los negocios latinos. Revista para emprendedores y empresarios Revista RRI Global Consulting Group Revista Digital RRI 1\u00aa. Edici\u00f3nENERO 2022 Leer o descargar Revista Digital RRI&hellip; <a class=\"more-link\" href=\"https:\/\/rrigcg.com\/index.php\/contenido\/\">Seguir leyendo <span class=\"screen-reader-text\">Contenido<\/span><\/a><\/p>\n","protected":false},"author":1,"featured_media":2340,"parent":0,"menu_order":0,"comment_status":"closed","ping_status":"closed","template":"elementor_canvas","meta":{"footnotes":""},"class_list":["post-3598","page","type-page","status-publish","has-post-thumbnail","hentry","entry"],"_links":{"self":[{"href":"https:\/\/rrigcg.com\/index.php\/wp-json\/wp\/v2\/pages\/3598","targetHints":{"allow":["GET"]}}],"collection":[{"href":"https:\/\/rrigcg.com\/index.php\/wp-json\/wp\/v2\/pages"}],"about":[{"href":"https:\/\/rrigcg.com\/index.php\/wp-json\/wp\/v2\/types\/page"}],"author":[{"embeddable":true,"href":"https:\/\/rrigcg.com\/index.php\/wp-json\/wp\/v2\/users\/1"}],"replies":[{"embeddable":true,"href":"https:\/\/rrigcg.com\/index.php\/wp-json\/wp\/v2\/comments?post=3598"}],"version-history":[{"count":19,"href":"https:\/\/rrigcg.com\/index.php\/wp-json\/wp\/v2\/pages\/3598\/revisions"}],"predecessor-version":[{"id":3680,"href":"https:\/\/rrigcg.com\/index.php\/wp-json\/wp\/v2\/pages\/3598\/revisions\/3680"}],"wp:featuredmedia":[{"embeddable":true,"href":"https:\/\/rrigcg.com\/index.php\/wp-json\/wp\/v2\/media\/2340"}],"wp:attachment":[{"href":"https:\/\/rrigcg.com\/index.php\/wp-json\/wp\/v2\/media?parent=3598"}],"curies":[{"name":"wp","href":"https:\/\/api.w.org\/{rel}","templated":true}]}}