{"id":1488,"date":"2021-07-21T04:16:47","date_gmt":"2021-07-21T04:16:47","guid":{"rendered":"https:\/\/rrigcg.com\/?page_id=1488"},"modified":"2025-03-15T23:39:01","modified_gmt":"2025-03-16T04:39:01","slug":"representacion-de-negocios","status":"publish","type":"page","link":"https:\/\/rrigcg.com\/index.php\/representacion-de-negocios\/","title":{"rendered":"Business"},"content":{"rendered":"<p><img decoding=\"async\" src=\"https:\/\/rrigcg.com\/wp-content\/uploads\/2021\/01\/logoRRIGCG.png\" title=\"RRI Global Consulting Group\" alt=\"RRI Global Consulting Group\" loading=\"lazy\" \/><br \/>\n\t\t\t\t\t<a href=\"https:\/\/www.facebook.com\/RRIConsultores\" target=\"_blank\" rel=\"noopener\"><br \/>\n\t\t\t\t\t\tFacebook<br \/>\n\t\t\t\t\t\t<svg viewBox=\"0 0 512 512\" xmlns=\"http:\/\/www.w3.org\/2000\/svg\"><path d=\"M504 256C504 119 393 8 256 8S8 119 8 256c0 123.78 90.69 226.38 209.25 245V327.69h-63V256h63v-54.64c0-62.15 37-96.48 93.67-96.48 27.14 0 55.52 4.84 55.52 4.84v61h-31.28c-30.8 0-40.41 19.12-40.41 38.73V256h68.78l-11 71.69h-57.78V501C413.31 482.38 504 379.78 504 256z\"><\/path><\/svg>\t\t\t\t\t<\/a><br \/>\n\t\t\t\t\t<a href=\"https:\/\/www.linkedin.com\/in\/rri-global-consulting-group-inc-740422204\/\" target=\"_blank\" rel=\"noopener\"><br \/>\n\t\t\t\t\t\tLinkedin<br \/>\n\t\t\t\t\t\t<svg viewBox=\"0 0 448 512\" xmlns=\"http:\/\/www.w3.org\/2000\/svg\"><path d=\"M416 32H31.9C14.3 32 0 46.5 0 64.3v383.4C0 465.5 14.3 480 31.9 480H416c17.6 0 32-14.5 32-32.3V64.3c0-17.8-14.4-32.3-32-32.3zM135.4 416H69V202.2h66.5V416zm-33.2-243c-21.3 0-38.5-17.3-38.5-38.5S80.9 96 102.2 96c21.2 0 38.5 17.3 38.5 38.5 0 21.3-17.2 38.5-38.5 38.5zm282.1 243h-66.4V312c0-24.8-.5-56.7-34.5-56.7-34.6 0-39.9 27-39.9 54.9V416h-66.4V202.2h63.7v29.2h.9c8.9-16.8 30.6-34.5 62.9-34.5 67.2 0 79.7 44.3 79.7 101.9V416z\"><\/path><\/svg>\t\t\t\t\t<\/a><br \/>\n\t\t\t\t\t<a href=\"https:\/\/www.instagram.com\/rrigcg_\/\" target=\"_blank\" rel=\"noopener\"><br \/>\n\t\t\t\t\t\tInstagram<br \/>\n\t\t\t\t\t\t<svg viewBox=\"0 0 448 512\" xmlns=\"http:\/\/www.w3.org\/2000\/svg\"><path d=\"M224.1 141c-63.6 0-114.9 51.3-114.9 114.9s51.3 114.9 114.9 114.9S339 319.5 339 255.9 287.7 141 224.1 141zm0 189.6c-41.1 0-74.7-33.5-74.7-74.7s33.5-74.7 74.7-74.7 74.7 33.5 74.7 74.7-33.6 74.7-74.7 74.7zm146.4-194.3c0 14.9-12 26.8-26.8 26.8-14.9 0-26.8-12-26.8-26.8s12-26.8 26.8-26.8 26.8 12 26.8 26.8zm76.1 27.2c-1.7-35.9-9.9-67.7-36.2-93.9-26.2-26.2-58-34.4-93.9-36.2-37-2.1-147.9-2.1-184.9 0-35.8 1.7-67.6 9.9-93.9 36.1s-34.4 58-36.2 93.9c-2.1 37-2.1 147.9 0 184.9 1.7 35.9 9.9 67.7 36.2 93.9s58 34.4 93.9 36.2c37 2.1 147.9 2.1 184.9 0 35.9-1.7 67.7-9.9 93.9-36.2 26.2-26.2 34.4-58 36.2-93.9 2.1-37 2.1-147.8 0-184.8zM398.8 388c-7.8 19.6-22.9 34.7-42.6 42.6-29.5 11.7-99.5 9-132.1 9s-102.7 2.6-132.1-9c-19.6-7.8-34.7-22.9-42.6-42.6-11.7-29.5-9-99.5-9-132.1s-2.6-102.7 9-132.1c7.8-19.6 22.9-34.7 42.6-42.6 29.5-11.7 99.5-9 132.1-9s102.7-2.6 132.1 9c19.6 7.8 34.7 22.9 42.6 42.6 11.7 29.5 9 99.5 9 132.1s2.7 102.7-9 132.1z\"><\/path><\/svg>\t\t\t\t\t<\/a><br \/>\n\t\t\t\t\t<a href=\"https:\/\/www.youtube.com\/channel\/UCZkrjlk4bibvjzW_FlSmBGw\" target=\"_blank\" rel=\"noopener\"><br \/>\n\t\t\t\t\t\tYoutube<br \/>\n\t\t\t\t\t\t<svg viewBox=\"0 0 576 512\" xmlns=\"http:\/\/www.w3.org\/2000\/svg\"><path d=\"M549.655 124.083c-6.281-23.65-24.787-42.276-48.284-48.597C458.781 64 288 64 288 64S117.22 64 74.629 75.486c-23.497 6.322-42.003 24.947-48.284 48.597-11.412 42.867-11.412 132.305-11.412 132.305s0 89.438 11.412 132.305c6.281 23.65 24.787 41.5 48.284 47.821C117.22 448 288 448 288 448s170.78 0 213.371-11.486c23.497-6.321 42.003-24.171 48.284-47.821 11.412-42.867 11.412-132.305 11.412-132.305s0-89.438-11.412-132.305zm-317.51 213.508V175.185l142.739 81.205-142.739 81.201z\"><\/path><\/svg>\t\t\t\t\t<\/a><br \/>\n\t\t\t\t\t\t\t\t\t\t\t\t\t\t\t\t\t<img loading=\"lazy\" decoding=\"async\" width=\"219\" height=\"86\" src=\"https:\/\/rrigcg.com\/wp-content\/uploads\/2021\/07\/MarcaRRIWhite.png\" alt=\"RRI Global Consulting Group\" \/>\t\t\t\t\t\t\t\t\t\t\t\t\t<\/p>\n<h1><b style=\"font-family: var(--list--font-family); font-size: var(--heading--font-size-h2); letter-spacing: var(--heading--letter-spacing-h2);\">Business Representation<\/b><\/h1>\n<h2>La firma de business representation de productos y servicios en EEUU 2021<\/h2>\n<p>SIEMBRA LA TIERRA<\/p>\n<p><em>Business Representation<\/em><\/p>\n<p>En RRI Global Consulting Group tenemos un \u00e1rea de Business Representation, que es una declaraci\u00f3n espec\u00edfica sobre las empresas para generar valor en mercados internacionales. Esta declaraci\u00f3n entre las partes por mutuo acuerdo. Se puede hacer una representaci\u00f3n solo por asuntos materiales o sin conocimiento. Por eso te animo a que seas parte de nuestro staff de empresas latinas con representaci\u00f3n en EEUU de Norte Am\u00e9rica.<\/p>\n<figure><img loading=\"lazy\" decoding=\"async\" width=\"584\" height=\"324\" src=\"https:\/\/rrigcg.com\/wp-content\/uploads\/2022\/02\/logoSiembraLaTierra.png\" alt=\"Siembra La Tierra\" \/><\/figure>\n<h3>Siembra La Tierra<\/h3>\n<p>Siembra La Tierra LLC, es una empresa puertorique\u00f1a conocida en Puerto Rico por productos de gran valor a\u00f1adido. La agroempresa ha establecido un innovador proyecto que incluye productos como: harina de pl\u00e1tano, harina de guineo verde y meriendas elaboradas con nuestra harina de pl\u00e1tano. <br \/>\nTodos nuestros productos han recibido gran acogida en Puerto Rico y en el mercado hispano de los Estados Unidos. <br \/>\nProductos cosechados, procesados y empacados en Jayuya, Puerto Rico.<\/p>\n<p>\t\t\t\t\t\t\t\t\t\t\t\t\t\t\t<img decoding=\"async\" src=\"https:\/\/rrigcg.com\/wp-content\/uploads\/2022\/05\/SiembraTierraProducts.jpg\" title=\"Siembra La Tierra\" alt=\"Siembra La Tierra\" loading=\"lazy\" \/>\t\t\t\t\t\t\t\t\t\t\t\t\t<\/p>\n<p>LA OROCOVE\u00d1A<\/p>\n<p><em>Business Representation<\/em><\/p>\n<figure><img loading=\"lazy\" decoding=\"async\" width=\"730\" height=\"405\" src=\"https:\/\/rrigcg.com\/wp-content\/uploads\/2021\/07\/LaOrocobena.jpg\" alt=\"Orocovena\" \/><\/figure>\n<h3>LA OROCOVE\u00d1A<\/h3>\n<p>Por m\u00e1s de cincuenta y cinco a\u00f1os, La Orocove\u00f1a Biscuit de Puerto Rico, Inc., viene ofreciendo productos frescos, de tradici\u00f3n y con la m\u00e1s alta calidad para el mercado puertorrique\u00f1o. Esta empresa establecida por manos puertorrique\u00f1as tiene como objetivo presentar nuevas ideas y metas para estar a la vanguardia de las exigencias del mercado actual.<br \/>\nEst\u00e1 localizada en el centro geogr\u00e1fico de Puerto Rico y su nombre es en honor a nuestro gran pueblo, Orocovis. La experiencia, calidad de productos, manufacturaci\u00f3n a precios competitivos y la venta de productos han permitido por a\u00f1os ser una empresa s\u00f3lida y de confiabilidad para nuestros consumidores.<\/p>\n<p>\t\t\t\t\t\t\t\t\t\t\t\t\t\t\t<img decoding=\"async\" src=\"https:\/\/rrigcg.com\/wp-content\/uploads\/2021\/08\/orocovena.jpg\" title=\"Orocove\u00f1a\" alt=\"Orocove\u00f1a\" loading=\"lazy\" \/>\t\t\t\t\t\t\t\t\t\t\t\t\t\t\t\t\t\t\t\t\t\t\t\t\t\t<img decoding=\"async\" src=\"https:\/\/rrigcg.com\/wp-content\/uploads\/2021\/08\/orocovena1.jpg\" title=\"La Orocove\u00f1a\" alt=\"La Orocove\u00f1a\" loading=\"lazy\" \/>\t\t\t\t\t\t\t\t\t\t\t\t\t\t\t\t\t\t\t\t\t\t\t\t\t\t<img decoding=\"async\" src=\"https:\/\/rrigcg.com\/wp-content\/uploads\/2023\/01\/Marca-RRI-02.png\" title=\"Marca RRI\" alt=\"Marca RRI\" loading=\"lazy\" \/>\t\t\t\t\t\t\t\t\t\t\t\t\t\t\t\t<\/p>\n<h6>N\u00famero Corporativo: +1 774 708 8708 <br \/>\nEfra\u00edn Medina CEO RRI <br \/>\nMail: e.medina@rriconsulting.com <br \/>\nTel: (508) 344-0695<br \/>\n<\/h6>\n<h6>Jos\u00e9 Rentas VP RRI <Br>  Mail: j.rentas@rriconsulting.com <Br><br \/>\nTel: (774) 230 4411<\/h6>\n<h6>142 Mechanic St, Southbridge, MA 01550<\/h6>\n<h6>MON-FRI 09:00 &#8211; 17:30, SAT 09:00 &#8211; 13:00<\/h6>\n<p>\t\t\t\t\t<a target=\"_blank\"><br \/>\n\t\t\t\t\t\tFacebook-f<br \/>\n\t\t\t\t\t\t<svg viewBox=\"0 0 320 512\" xmlns=\"http:\/\/www.w3.org\/2000\/svg\"><path d=\"M279.14 288l14.22-92.66h-88.91v-60.13c0-25.35 12.42-50.06 52.24-50.06h40.42V6.26S260.43 0 225.36 0c-73.22 0-121.08 44.38-121.08 124.72v70.62H22.89V288h81.39v224h100.17V288z\"><\/path><\/svg>\t\t\t\t\t<\/a><br \/>\n\t\t\t\t\t<a target=\"_blank\"><br \/>\n\t\t\t\t\t\tTwitter<br \/>\n\t\t\t\t\t\t<svg viewBox=\"0 0 512 512\" xmlns=\"http:\/\/www.w3.org\/2000\/svg\"><path d=\"M459.37 151.716c.325 4.548.325 9.097.325 13.645 0 138.72-105.583 298.558-298.558 298.558-59.452 0-114.68-17.219-161.137-47.106 8.447.974 16.568 1.299 25.34 1.299 49.055 0 94.213-16.568 130.274-44.832-46.132-.975-84.792-31.188-98.112-72.772 6.498.974 12.995 1.624 19.818 1.624 9.421 0 18.843-1.3 27.614-3.573-48.081-9.747-84.143-51.98-84.143-102.985v-1.299c13.969 7.797 30.214 12.67 47.431 13.319-28.264-18.843-46.781-51.005-46.781-87.391 0-19.492 5.197-37.36 14.294-52.954 51.655 63.675 129.3 105.258 216.365 109.807-1.624-7.797-2.599-15.918-2.599-24.04 0-57.828 46.782-104.934 104.934-104.934 30.213 0 57.502 12.67 76.67 33.137 23.715-4.548 46.456-13.32 66.599-25.34-7.798 24.366-24.366 44.833-46.132 57.827 21.117-2.273 41.584-8.122 60.426-16.243-14.292 20.791-32.161 39.308-52.628 54.253z\"><\/path><\/svg>\t\t\t\t\t<\/a><br \/>\n\t\t\t\t\t<a target=\"_blank\"><br \/>\n\t\t\t\t\t\tGoogle-plus-g<br \/>\n\t\t\t\t\t\t<svg viewBox=\"0 0 640 512\" xmlns=\"http:\/\/www.w3.org\/2000\/svg\"><path d=\"M386.061 228.496c1.834 9.692 3.143 19.384 3.143 31.956C389.204 370.205 315.599 448 204.8 448c-106.084 0-192-85.915-192-192s85.916-192 192-192c51.864 0 95.083 18.859 128.611 50.292l-52.126 50.03c-14.145-13.621-39.028-29.599-76.485-29.599-65.484 0-118.92 54.221-118.92 121.277 0 67.056 53.436 121.277 118.92 121.277 75.961 0 104.513-54.745 108.965-82.773H204.8v-66.009h181.261zm185.406 6.437V179.2h-56.001v55.733h-55.733v56.001h55.733v55.733h56.001v-55.733H627.2v-56.001h-55.733z\"><\/path><\/svg>\t\t\t\t\t<\/a><br \/>\n\t\t\t\t\t<a target=\"_blank\"><br \/>\n\t\t\t\t\t\tYoutube<br \/>\n\t\t\t\t\t\t<svg viewBox=\"0 0 576 512\" xmlns=\"http:\/\/www.w3.org\/2000\/svg\"><path d=\"M549.655 124.083c-6.281-23.65-24.787-42.276-48.284-48.597C458.781 64 288 64 288 64S117.22 64 74.629 75.486c-23.497 6.322-42.003 24.947-48.284 48.597-11.412 42.867-11.412 132.305-11.412 132.305s0 89.438 11.412 132.305c6.281 23.65 24.787 41.5 48.284 47.821C117.22 448 288 448 288 448s170.78 0 213.371-11.486c23.497-6.321 42.003-24.171 48.284-47.821 11.412-42.867 11.412-132.305 11.412-132.305s0-89.438-11.412-132.305zm-317.51 213.508V175.185l142.739 81.205-142.739 81.201z\"><\/path><\/svg>\t\t\t\t\t<\/a><br \/>\n\t\t\t\t\t<a target=\"_blank\"><br \/>\n\t\t\t\t\t\tGithub<br \/>\n\t\t\t\t\t\t<svg viewBox=\"0 0 496 512\" xmlns=\"http:\/\/www.w3.org\/2000\/svg\"><path d=\"M165.9 397.4c0 2-2.3 3.6-5.2 3.6-3.3.3-5.6-1.3-5.6-3.6 0-2 2.3-3.6 5.2-3.6 3-.3 5.6 1.3 5.6 3.6zm-31.1-4.5c-.7 2 1.3 4.3 4.3 4.9 2.6 1 5.6 0 6.2-2s-1.3-4.3-4.3-5.2c-2.6-.7-5.5.3-6.2 2.3zm44.2-1.7c-2.9.7-4.9 2.6-4.6 4.9.3 2 2.9 3.3 5.9 2.6 2.9-.7 4.9-2.6 4.6-4.6-.3-1.9-3-3.2-5.9-2.9zM244.8 8C106.1 8 0 113.3 0 252c0 110.9 69.8 205.8 169.5 239.2 12.8 2.3 17.3-5.6 17.3-12.1 0-6.2-.3-40.4-.3-61.4 0 0-70 15-84.7-29.8 0 0-11.4-29.1-27.8-36.6 0 0-22.9-15.7 1.6-15.4 0 0 24.9 2 38.6 25.8 21.9 38.6 58.6 27.5 72.9 20.9 2.3-16 8.8-27.1 16-33.7-55.9-6.2-112.3-14.3-112.3-110.5 0-27.5 7.6-41.3 23.6-58.9-2.6-6.5-11.1-33.3 2.6-67.9 20.9-6.5 69 27 69 27 20-5.6 41.5-8.5 62.8-8.5s42.8 2.9 62.8 8.5c0 0 48.1-33.6 69-27 13.7 34.7 5.2 61.4 2.6 67.9 16 17.7 25.8 31.5 25.8 58.9 0 96.5-58.9 104.2-114.8 110.5 9.2 7.9 17 22.9 17 46.4 0 33.7-.3 75.4-.3 83.6 0 6.5 4.6 14.4 17.3 12.1C428.2 457.8 496 362.9 496 252 496 113.3 383.5 8 244.8 8zM97.2 352.9c-1.3 1-1 3.3.7 5.2 1.6 1.6 3.9 2.3 5.2 1 1.3-1 1-3.3-.7-5.2-1.6-1.6-3.9-2.3-5.2-1zm-10.8-8.1c-.7 1.3.3 2.9 2.3 3.9 1.6 1 3.6.7 4.3-.7.7-1.3-.3-2.9-2.3-3.9-2-.6-3.6-.3-4.3.7zm32.4 35.6c-1.6 1.3-1 4.3 1.3 6.2 2.3 2.3 5.2 2.6 6.5 1 1.3-1.3.7-4.3-1.3-6.2-2.2-2.3-5.2-2.6-6.5-1zm-11.4-14.7c-1.6 1-1.6 3.6 0 5.9 1.6 2.3 4.3 3.3 5.6 2.3 1.6-1.3 1.6-3.9 0-6.2-1.4-2.3-4-3.3-5.6-2z\"><\/path><\/svg>\t\t\t\t\t<\/a><\/p>\n","protected":false},"excerpt":{"rendered":"<p>Facebook Linkedin Instagram Youtube Business Representation La firma de business representation de productos y servicios en EEUU 2021 SIEMBRA LA TIERRA Business Representation En RRI Global Consulting Group tenemos un \u00e1rea de Business Representation, que es una declaraci\u00f3n espec\u00edfica sobre las empresas para generar valor en mercados internacionales. Esta declaraci\u00f3n entre las partes por mutuo&hellip; <a class=\"more-link\" href=\"https:\/\/rrigcg.com\/index.php\/representacion-de-negocios\/\">Seguir leyendo <span class=\"screen-reader-text\">Business<\/span><\/a><\/p>\n","protected":false},"author":1,"featured_media":0,"parent":0,"menu_order":0,"comment_status":"closed","ping_status":"closed","template":"elementor_canvas","meta":{"footnotes":""},"class_list":["post-1488","page","type-page","status-publish","hentry","entry"],"_links":{"self":[{"href":"https:\/\/rrigcg.com\/index.php\/wp-json\/wp\/v2\/pages\/1488","targetHints":{"allow":["GET"]}}],"collection":[{"href":"https:\/\/rrigcg.com\/index.php\/wp-json\/wp\/v2\/pages"}],"about":[{"href":"https:\/\/rrigcg.com\/index.php\/wp-json\/wp\/v2\/types\/page"}],"author":[{"embeddable":true,"href":"https:\/\/rrigcg.com\/index.php\/wp-json\/wp\/v2\/users\/1"}],"replies":[{"embeddable":true,"href":"https:\/\/rrigcg.com\/index.php\/wp-json\/wp\/v2\/comments?post=1488"}],"version-history":[{"count":79,"href":"https:\/\/rrigcg.com\/index.php\/wp-json\/wp\/v2\/pages\/1488\/revisions"}],"predecessor-version":[{"id":3466,"href":"https:\/\/rrigcg.com\/index.php\/wp-json\/wp\/v2\/pages\/1488\/revisions\/3466"}],"wp:attachment":[{"href":"https:\/\/rrigcg.com\/index.php\/wp-json\/wp\/v2\/media?parent=1488"}],"curies":[{"name":"wp","href":"https:\/\/api.w.org\/{rel}","templated":true}]}}