{"id":1030,"date":"2021-03-04T21:37:47","date_gmt":"2021-03-04T21:37:47","guid":{"rendered":"https:\/\/rrigcg.com\/?page_id=1030"},"modified":"2024-09-11T12:53:08","modified_gmt":"2024-09-11T17:53:08","slug":"alianzas","status":"publish","type":"page","link":"https:\/\/rrigcg.com\/index.php\/alianzas\/","title":{"rendered":"Alianzas"},"content":{"rendered":"<p><img decoding=\"async\" src=\"https:\/\/rrigcg.com\/wp-content\/uploads\/2021\/01\/logoRRIGCG.png\" title=\"RRI Global Consulting Group\" alt=\"RRI Global Consulting Group\" loading=\"lazy\" \/><br \/>\n\t\t\t\t\t<a href=\"https:\/\/www.facebook.com\/RRIConsultores\" target=\"_blank\" rel=\"noopener\"><br \/>\n\t\t\t\t\t\tFacebook<br \/>\n\t\t\t\t\t\t<svg viewBox=\"0 0 512 512\" xmlns=\"http:\/\/www.w3.org\/2000\/svg\"><path d=\"M504 256C504 119 393 8 256 8S8 119 8 256c0 123.78 90.69 226.38 209.25 245V327.69h-63V256h63v-54.64c0-62.15 37-96.48 93.67-96.48 27.14 0 55.52 4.84 55.52 4.84v61h-31.28c-30.8 0-40.41 19.12-40.41 38.73V256h68.78l-11 71.69h-57.78V501C413.31 482.38 504 379.78 504 256z\"><\/path><\/svg>\t\t\t\t\t<\/a><br \/>\n\t\t\t\t\t<a href=\"https:\/\/www.linkedin.com\/in\/rri-global-consulting-group-inc-740422204\/\" target=\"_blank\" rel=\"noopener\"><br \/>\n\t\t\t\t\t\tLinkedin<br \/>\n\t\t\t\t\t\t<svg viewBox=\"0 0 448 512\" xmlns=\"http:\/\/www.w3.org\/2000\/svg\"><path d=\"M416 32H31.9C14.3 32 0 46.5 0 64.3v383.4C0 465.5 14.3 480 31.9 480H416c17.6 0 32-14.5 32-32.3V64.3c0-17.8-14.4-32.3-32-32.3zM135.4 416H69V202.2h66.5V416zm-33.2-243c-21.3 0-38.5-17.3-38.5-38.5S80.9 96 102.2 96c21.2 0 38.5 17.3 38.5 38.5 0 21.3-17.2 38.5-38.5 38.5zm282.1 243h-66.4V312c0-24.8-.5-56.7-34.5-56.7-34.6 0-39.9 27-39.9 54.9V416h-66.4V202.2h63.7v29.2h.9c8.9-16.8 30.6-34.5 62.9-34.5 67.2 0 79.7 44.3 79.7 101.9V416z\"><\/path><\/svg>\t\t\t\t\t<\/a><br \/>\n\t\t\t\t\t<a href=\"https:\/\/www.instagram.com\/rrigcg_\/\" target=\"_blank\" rel=\"noopener\"><br \/>\n\t\t\t\t\t\tInstagram<br \/>\n\t\t\t\t\t\t<svg viewBox=\"0 0 448 512\" xmlns=\"http:\/\/www.w3.org\/2000\/svg\"><path d=\"M224.1 141c-63.6 0-114.9 51.3-114.9 114.9s51.3 114.9 114.9 114.9S339 319.5 339 255.9 287.7 141 224.1 141zm0 189.6c-41.1 0-74.7-33.5-74.7-74.7s33.5-74.7 74.7-74.7 74.7 33.5 74.7 74.7-33.6 74.7-74.7 74.7zm146.4-194.3c0 14.9-12 26.8-26.8 26.8-14.9 0-26.8-12-26.8-26.8s12-26.8 26.8-26.8 26.8 12 26.8 26.8zm76.1 27.2c-1.7-35.9-9.9-67.7-36.2-93.9-26.2-26.2-58-34.4-93.9-36.2-37-2.1-147.9-2.1-184.9 0-35.8 1.7-67.6 9.9-93.9 36.1s-34.4 58-36.2 93.9c-2.1 37-2.1 147.9 0 184.9 1.7 35.9 9.9 67.7 36.2 93.9s58 34.4 93.9 36.2c37 2.1 147.9 2.1 184.9 0 35.9-1.7 67.7-9.9 93.9-36.2 26.2-26.2 34.4-58 36.2-93.9 2.1-37 2.1-147.8 0-184.8zM398.8 388c-7.8 19.6-22.9 34.7-42.6 42.6-29.5 11.7-99.5 9-132.1 9s-102.7 2.6-132.1-9c-19.6-7.8-34.7-22.9-42.6-42.6-11.7-29.5-9-99.5-9-132.1s-2.6-102.7 9-132.1c7.8-19.6 22.9-34.7 42.6-42.6 29.5-11.7 99.5-9 132.1-9s102.7-2.6 132.1 9c19.6 7.8 34.7 22.9 42.6 42.6 11.7 29.5 9 99.5 9 132.1s2.7 102.7-9 132.1z\"><\/path><\/svg>\t\t\t\t\t<\/a><br \/>\n\t\t\t\t\t<a href=\"https:\/\/www.youtube.com\/channel\/UCZkrjlk4bibvjzW_FlSmBGw\" target=\"_blank\" rel=\"noopener\"><br \/>\n\t\t\t\t\t\tYoutube<br \/>\n\t\t\t\t\t\t<svg viewBox=\"0 0 576 512\" xmlns=\"http:\/\/www.w3.org\/2000\/svg\"><path d=\"M549.655 124.083c-6.281-23.65-24.787-42.276-48.284-48.597C458.781 64 288 64 288 64S117.22 64 74.629 75.486c-23.497 6.322-42.003 24.947-48.284 48.597-11.412 42.867-11.412 132.305-11.412 132.305s0 89.438 11.412 132.305c6.281 23.65 24.787 41.5 48.284 47.821C117.22 448 288 448 288 448s170.78 0 213.371-11.486c23.497-6.321 42.003-24.171 48.284-47.821 11.412-42.867 11.412-132.305 11.412-132.305s0-89.438-11.412-132.305zm-317.51 213.508V175.185l142.739 81.205-142.739 81.201z\"><\/path><\/svg>\t\t\t\t\t<\/a><br \/>\n\t\t\t\t\t\t\t\t\t\t\t\t\t<img decoding=\"async\" src=\"https:\/\/rrigcg.com\/wp-content\/uploads\/2021\/01\/marcarri.png\" title=\"marcarri\" alt=\"marcarri\" loading=\"lazy\" \/>\t\t\t\t\t\t\t\t\t\t\t\t\t<\/p>\n<p>&#8211; ALIANZAS ESTRAT\u00c9GICAS &#8211;<\/p>\n<p>\t\t\t\t\t\t\t\t\t\t\t\t\t<img loading=\"lazy\" decoding=\"async\" width=\"730\" height=\"405\" src=\"https:\/\/rrigcg.com\/wp-content\/uploads\/2023\/12\/LABBB000.jpg\" alt=\"Labo\" srcset=\"https:\/\/rrigcg.com\/wp-content\/uploads\/2023\/12\/LABBB000.jpg 730w, https:\/\/rrigcg.com\/wp-content\/uploads\/2023\/12\/LABBB000-300x166.jpg 300w\" sizes=\"auto, (max-width: 730px) 100vw, 730px\" \/>\t\t\t\t\t\t\t\t\t\t\t\t\t<\/p>\n<h3>LABO<\/h3>\n<p>LABO brinda liderazgo y apoyo al desarrollo en las siguientes \u00e1reas clave: negocios, administraci\u00f3n, tecnolog\u00eda, finanzas y desarrollo profesional individual, adem\u00e1s de oportunidades de enriquecimiento social y cultural.<\/p>\n<p>Los miembros de LABO se benefician de una gran cantidad de oportunidades de crecimiento empresarial, como redes de empresa a empresa, marca y exposici\u00f3n, y oportunidades educativas.<\/p>\n<p>\t\t\t\t\t\t\t\t\t\t\t\t\t<img loading=\"lazy\" decoding=\"async\" width=\"730\" height=\"405\" src=\"https:\/\/rrigcg.com\/wp-content\/uploads\/2023\/12\/ASPERE-.jpg\" alt=\"Aspire\" srcset=\"https:\/\/rrigcg.com\/wp-content\/uploads\/2023\/12\/ASPERE-.jpg 730w, https:\/\/rrigcg.com\/wp-content\/uploads\/2023\/12\/ASPERE--300x166.jpg 300w\" sizes=\"auto, (max-width: 730px) 100vw, 730px\" \/>\t\t\t\t\t\t\t\t\t\t\t\t\t<\/p>\n<h3>ASPIRE Partners<\/h3>\n<p>Es un programa \u00daNICO, RENTABLE y LIBRE DE RIESGOS creado para profesionales de negocios. Buscamos profesionales de negocios para ofrecer nuestras soluciones de vanguardia y ahorro de costos a empresas de todo el pa\u00eds. Manejar las cuentas por pagar, disminuir los gastos operativos, reducir y ahorrar el dinero gastado en impuestos son vitales para el \u00e9xito de cada negocio. Aspire Partners es la soluci\u00f3n confiable y buscamos profesionales con experiencia para conectar estas empresas con nuestras soluciones oportunas.<\/p>\n<p>\t\t\t\t\t\t\t\t\t\t\t\t\t<img decoding=\"async\" src=\"https:\/\/rrigcg.com\/wp-content\/uploads\/2023\/12\/RegistrarCorp.png\" title=\"RegistrarCorp\" alt=\"RegistrarCorp\" loading=\"lazy\" \/>\t\t\t\t\t\t\t\t\t\t\t\t\t<\/p>\n<h3>Registrar Corp<\/h3>\n<p>El cumplimiento normativo puede ser complicado, pero no tiene por qu\u00e9 serlo. Nuestro conjunto integral de servicios, software y cursos de capacitaci\u00f3n en l\u00ednea apoyan a importadores, exportadores y profesionales regulatorios de todo el mundo.<\/p>\n<p>\t\t\t\t\t\t\t\t\t\t\t\t\t<img decoding=\"async\" src=\"https:\/\/rrigcg.com\/wp-content\/uploads\/2024\/01\/cultureRedesigned.png\" title=\"culture Redesigned\" alt=\"culture Redesigned\" loading=\"lazy\" \/>\t\t\t\t\t\t\t\t\t\t\t\t\t<\/p>\n<h3>Culture Redesigned<\/h3>\n<p>Culture Redesigned se especializa en ayudar a las empresas a convertirse en un lugar de trabajo \u00abmuy deseado\u00bb con muy baja rotaci\u00f3n.\u00a0La mayor\u00eda de las empresas ponen el negocio en primer lugar, el cliente en segundo lugar y el empleado en \u00faltimo lugar.\u00a0Rompemos ese paradigma creando un entorno impulsado por la cultura donde las personas (empleados) son lo primero y cuidan de su cliente y su negocio.<\/p>\n<p>\t\t\t\t\t\t\t\t\t\t\t\t\t<img loading=\"lazy\" decoding=\"async\" width=\"730\" height=\"405\" src=\"https:\/\/rrigcg.com\/wp-content\/uploads\/2023\/12\/BlackBrandHernan-1.jpg\" alt=\"BlackBrandHernan\" srcset=\"https:\/\/rrigcg.com\/wp-content\/uploads\/2023\/12\/BlackBrandHernan-1.jpg 730w, https:\/\/rrigcg.com\/wp-content\/uploads\/2023\/12\/BlackBrandHernan-1-300x166.jpg 300w\" sizes=\"auto, (max-width: 730px) 100vw, 730px\" \/>\t\t\t\t\t\t\t\t\t\t\t\t\t<\/p>\n<h3>Black Brand by Hern\u00e1n Murillo<\/h3>\n<p>Desarrolla y gestiona la identidad de una marca con el objetivo de crear una percepci\u00f3n positiva y distintiva en la mente de los consumidores. El branding implica una serie de estrategias y actividades que buscan construir una imagen coherente y memorable para una empresa, producto o servicio.<\/p>\n<p>\t\t\t\t<svg aria-hidden=\"true\" viewBox=\"0 0 512 512\" xmlns=\"http:\/\/www.w3.org\/2000\/svg\"><path d=\"M256 8C119.043 8 8 119.083 8 256c0 136.997 111.043 248 248 248s248-111.003 248-248C504 119.083 392.957 8 256 8zm0 448c-110.532 0-200-89.431-200-200 0-110.495 89.472-200 200-200 110.491 0 200 89.471 200 200 0 110.53-89.431 200-200 200zm107.244-255.2c0 67.052-72.421 68.084-72.421 92.863V300c0 6.627-5.373 12-12 12h-45.647c-6.627 0-12-5.373-12-12v-8.659c0-35.745 27.1-50.034 47.579-61.516 17.561-9.845 28.324-16.541 28.324-29.579 0-17.246-21.999-28.693-39.784-28.693-23.189 0-33.894 10.977-48.942 29.969-4.057 5.12-11.46 6.071-16.666 2.124l-27.824-21.098c-5.107-3.872-6.251-11.066-2.644-16.363C184.846 131.491 214.94 112 261.794 112c49.071 0 101.45 38.304 101.45 88.8zM298 368c0 23.159-18.841 42-42 42s-42-18.841-42-42 18.841-42 42-42 42 18.841 42 42z\"><\/path><\/svg>\t\t\t\t<\/p>\n<h3>\n\t\t\t\t\t\t\t\u00bfPor Qu\u00e9 Escoger a RRI Global Consulting Group?<br \/>\n\t\t\t\t\t<\/h3>\n<p>\n\u00bfEst\u00e1s buscando una empresa de consultor\u00eda que pueda ayudarte a alcanzar tus objetivos empresariales con \u00e9xito? \u00a1RRI Global Consulting Group es la respuesta! Nuestra empresa ofrece soluciones innovadoras y personalizadas para cada uno de nuestros clientes, lo que nos permite trabajar juntos para encontrar la mejor soluci\u00f3n posible. Con a\u00f1os de experiencia, nuestro equipo altamente capacitado ha ayudado a empresas de todos los tama\u00f1os a aumentar su productividad y rentabilidad, as\u00ed como a evitar posibles obst\u00e1culos. En RRI Global Consulting Group, no solo nos enfocamos en tus metas y objetivos empresariales, sino que tambi\u00e9n nos aseguramos de mantenerte motivado y enfocado en el camino hacia el \u00e9xito. \u00a1Perm\u00edtenos ayudarte a alcanzar todo tu potencial empresarial con RRI Global Consulting Group!\t\t\t\t\t<\/p>\n<p>\t\t\t\t\t\t\t\t\t\t\t\t\t<img decoding=\"async\" src=\"https:\/\/rrigcg.com\/wp-content\/uploads\/2023\/01\/Marca-RRI-02.png\" title=\"Marca RRI\" alt=\"Marca RRI\" loading=\"lazy\" \/>\t\t\t\t\t\t\t\t\t\t\t\t\t<\/p>\n<h5>Efra\u00edn Medina CEO RRI <br \/>\nMail: e.medina@rriconsulting.com <br \/>\nTel: (508) 344-0695<br \/>\n<\/h5>\n<h6>Jos\u00e9 Rentas VP RRI <br \/>\nMail: j.rentas@rriconsulting.com <br \/>\nTel: (774) 230 4411<\/h6>\n<h6>142 Mechanic St, Southbridge, MA 01550<\/h6>\n<h6>MON-FRI 09:00 &#8211; 17:30, SAT-SUN 09:00 &#8211; 13:00<\/h6>\n<p>\t\t\t\t\t<a target=\"_blank\" rel=\"noopener\"><br \/>\n\t\t\t\t\t\tFacebook-f<br \/>\n\t\t\t\t\t\t<svg viewBox=\"0 0 320 512\" xmlns=\"http:\/\/www.w3.org\/2000\/svg\"><path d=\"M279.14 288l14.22-92.66h-88.91v-60.13c0-25.35 12.42-50.06 52.24-50.06h40.42V6.26S260.43 0 225.36 0c-73.22 0-121.08 44.38-121.08 124.72v70.62H22.89V288h81.39v224h100.17V288z\"><\/path><\/svg>\t\t\t\t\t<\/a><br \/>\n\t\t\t\t\t<a target=\"_blank\" rel=\"noopener\"><br \/>\n\t\t\t\t\t\tTwitter<br \/>\n\t\t\t\t\t\t<svg viewBox=\"0 0 512 512\" xmlns=\"http:\/\/www.w3.org\/2000\/svg\"><path d=\"M459.37 151.716c.325 4.548.325 9.097.325 13.645 0 138.72-105.583 298.558-298.558 298.558-59.452 0-114.68-17.219-161.137-47.106 8.447.974 16.568 1.299 25.34 1.299 49.055 0 94.213-16.568 130.274-44.832-46.132-.975-84.792-31.188-98.112-72.772 6.498.974 12.995 1.624 19.818 1.624 9.421 0 18.843-1.3 27.614-3.573-48.081-9.747-84.143-51.98-84.143-102.985v-1.299c13.969 7.797 30.214 12.67 47.431 13.319-28.264-18.843-46.781-51.005-46.781-87.391 0-19.492 5.197-37.36 14.294-52.954 51.655 63.675 129.3 105.258 216.365 109.807-1.624-7.797-2.599-15.918-2.599-24.04 0-57.828 46.782-104.934 104.934-104.934 30.213 0 57.502 12.67 76.67 33.137 23.715-4.548 46.456-13.32 66.599-25.34-7.798 24.366-24.366 44.833-46.132 57.827 21.117-2.273 41.584-8.122 60.426-16.243-14.292 20.791-32.161 39.308-52.628 54.253z\"><\/path><\/svg>\t\t\t\t\t<\/a><br \/>\n\t\t\t\t\t<a target=\"_blank\" rel=\"noopener\"><br \/>\n\t\t\t\t\t\tGoogle-plus-g<br \/>\n\t\t\t\t\t\t<svg viewBox=\"0 0 640 512\" xmlns=\"http:\/\/www.w3.org\/2000\/svg\"><path d=\"M386.061 228.496c1.834 9.692 3.143 19.384 3.143 31.956C389.204 370.205 315.599 448 204.8 448c-106.084 0-192-85.915-192-192s85.916-192 192-192c51.864 0 95.083 18.859 128.611 50.292l-52.126 50.03c-14.145-13.621-39.028-29.599-76.485-29.599-65.484 0-118.92 54.221-118.92 121.277 0 67.056 53.436 121.277 118.92 121.277 75.961 0 104.513-54.745 108.965-82.773H204.8v-66.009h181.261zm185.406 6.437V179.2h-56.001v55.733h-55.733v56.001h55.733v55.733h56.001v-55.733H627.2v-56.001h-55.733z\"><\/path><\/svg>\t\t\t\t\t<\/a><br \/>\n\t\t\t\t\t<a target=\"_blank\" rel=\"noopener\"><br \/>\n\t\t\t\t\t\tYoutube<br \/>\n\t\t\t\t\t\t<svg viewBox=\"0 0 576 512\" xmlns=\"http:\/\/www.w3.org\/2000\/svg\"><path d=\"M549.655 124.083c-6.281-23.65-24.787-42.276-48.284-48.597C458.781 64 288 64 288 64S117.22 64 74.629 75.486c-23.497 6.322-42.003 24.947-48.284 48.597-11.412 42.867-11.412 132.305-11.412 132.305s0 89.438 11.412 132.305c6.281 23.65 24.787 41.5 48.284 47.821C117.22 448 288 448 288 448s170.78 0 213.371-11.486c23.497-6.321 42.003-24.171 48.284-47.821 11.412-42.867 11.412-132.305 11.412-132.305s0-89.438-11.412-132.305zm-317.51 213.508V175.185l142.739 81.205-142.739 81.201z\"><\/path><\/svg>\t\t\t\t\t<\/a><br \/>\n\t\t\t\t\t<a target=\"_blank\" rel=\"noopener\"><br \/>\n\t\t\t\t\t\tGithub<br \/>\n\t\t\t\t\t\t<svg viewBox=\"0 0 496 512\" xmlns=\"http:\/\/www.w3.org\/2000\/svg\"><path d=\"M165.9 397.4c0 2-2.3 3.6-5.2 3.6-3.3.3-5.6-1.3-5.6-3.6 0-2 2.3-3.6 5.2-3.6 3-.3 5.6 1.3 5.6 3.6zm-31.1-4.5c-.7 2 1.3 4.3 4.3 4.9 2.6 1 5.6 0 6.2-2s-1.3-4.3-4.3-5.2c-2.6-.7-5.5.3-6.2 2.3zm44.2-1.7c-2.9.7-4.9 2.6-4.6 4.9.3 2 2.9 3.3 5.9 2.6 2.9-.7 4.9-2.6 4.6-4.6-.3-1.9-3-3.2-5.9-2.9zM244.8 8C106.1 8 0 113.3 0 252c0 110.9 69.8 205.8 169.5 239.2 12.8 2.3 17.3-5.6 17.3-12.1 0-6.2-.3-40.4-.3-61.4 0 0-70 15-84.7-29.8 0 0-11.4-29.1-27.8-36.6 0 0-22.9-15.7 1.6-15.4 0 0 24.9 2 38.6 25.8 21.9 38.6 58.6 27.5 72.9 20.9 2.3-16 8.8-27.1 16-33.7-55.9-6.2-112.3-14.3-112.3-110.5 0-27.5 7.6-41.3 23.6-58.9-2.6-6.5-11.1-33.3 2.6-67.9 20.9-6.5 69 27 69 27 20-5.6 41.5-8.5 62.8-8.5s42.8 2.9 62.8 8.5c0 0 48.1-33.6 69-27 13.7 34.7 5.2 61.4 2.6 67.9 16 17.7 25.8 31.5 25.8 58.9 0 96.5-58.9 104.2-114.8 110.5 9.2 7.9 17 22.9 17 46.4 0 33.7-.3 75.4-.3 83.6 0 6.5 4.6 14.4 17.3 12.1C428.2 457.8 496 362.9 496 252 496 113.3 383.5 8 244.8 8zM97.2 352.9c-1.3 1-1 3.3.7 5.2 1.6 1.6 3.9 2.3 5.2 1 1.3-1 1-3.3-.7-5.2-1.6-1.6-3.9-2.3-5.2-1zm-10.8-8.1c-.7 1.3.3 2.9 2.3 3.9 1.6 1 3.6.7 4.3-.7.7-1.3-.3-2.9-2.3-3.9-2-.6-3.6-.3-4.3.7zm32.4 35.6c-1.6 1.3-1 4.3 1.3 6.2 2.3 2.3 5.2 2.6 6.5 1 1.3-1.3.7-4.3-1.3-6.2-2.2-2.3-5.2-2.6-6.5-1zm-11.4-14.7c-1.6 1-1.6 3.6 0 5.9 1.6 2.3 4.3 3.3 5.6 2.3 1.6-1.3 1.6-3.9 0-6.2-1.4-2.3-4-3.3-5.6-2z\"><\/path><\/svg>\t\t\t\t\t<\/a><\/p>\n<p><em>TODO LO ANTES MENCIONADO LO TRABAJAMOS EN UN AMBIENTE DE CONFIDENCIALIDAD EN EL MANEJO DE LA INFORMACION DE SU EMPRESA Y NUESTRA FIRMA.<\/em><\/p>\n<p><em><strong>RRI GLOBAL CONSULTING GROUP CUENTA CON UN BONDEN DE 1,000.000.<\/strong><\/em><\/p>\n","protected":false},"excerpt":{"rendered":"<p>Facebook Linkedin Instagram Youtube &#8211; ALIANZAS ESTRAT\u00c9GICAS &#8211; LABO LABO brinda liderazgo y apoyo al desarrollo en las siguientes \u00e1reas clave: negocios, administraci\u00f3n, tecnolog\u00eda, finanzas y desarrollo profesional individual, adem\u00e1s de oportunidades de enriquecimiento social y cultural. Los miembros de LABO se benefician de una gran cantidad de oportunidades de crecimiento empresarial, como redes de&hellip; <a class=\"more-link\" href=\"https:\/\/rrigcg.com\/index.php\/alianzas\/\">Seguir leyendo <span class=\"screen-reader-text\">Alianzas<\/span><\/a><\/p>\n","protected":false},"author":1,"featured_media":0,"parent":0,"menu_order":0,"comment_status":"closed","ping_status":"closed","template":"elementor_header_footer","meta":{"footnotes":""},"class_list":["post-1030","page","type-page","status-publish","hentry","entry"],"_links":{"self":[{"href":"https:\/\/rrigcg.com\/index.php\/wp-json\/wp\/v2\/pages\/1030","targetHints":{"allow":["GET"]}}],"collection":[{"href":"https:\/\/rrigcg.com\/index.php\/wp-json\/wp\/v2\/pages"}],"about":[{"href":"https:\/\/rrigcg.com\/index.php\/wp-json\/wp\/v2\/types\/page"}],"author":[{"embeddable":true,"href":"https:\/\/rrigcg.com\/index.php\/wp-json\/wp\/v2\/users\/1"}],"replies":[{"embeddable":true,"href":"https:\/\/rrigcg.com\/index.php\/wp-json\/wp\/v2\/comments?post=1030"}],"version-history":[{"count":89,"href":"https:\/\/rrigcg.com\/index.php\/wp-json\/wp\/v2\/pages\/1030\/revisions"}],"predecessor-version":[{"id":3281,"href":"https:\/\/rrigcg.com\/index.php\/wp-json\/wp\/v2\/pages\/1030\/revisions\/3281"}],"wp:attachment":[{"href":"https:\/\/rrigcg.com\/index.php\/wp-json\/wp\/v2\/media?parent=1030"}],"curies":[{"name":"wp","href":"https:\/\/api.w.org\/{rel}","templated":true}]}}